{"id":113,"date":"2017-12-06T19:01:54","date_gmt":"2017-12-06T18:01:54","guid":{"rendered":"http:\/\/tanooki.org\/?page_id=113"},"modified":"2019-02-01T11:22:15","modified_gmt":"2019-02-01T10:22:15","slug":"legales","status":"publish","type":"page","link":"https:\/\/www.tanooki.fr\/index.php\/legales\/","title":{"rendered":"Informations l\u00e9gales"},"content":{"rendered":"<h1 style=\"text-align: center;\">Informations L\u00e9gales<\/h1>\n<p><b>Conditions g\u00e9n\u00e9rales d\u2019acc\u00e8s et d\u2019utilisation du site<\/b><\/p>\n<p>L\u2019utilisation de ce site est r\u00e9serv\u00e9e \u00e0 un usage strictement personnel de l\u2019utilisateur. Toute reproduction ou repr\u00e9sentation de ce site, en tout ou partie, \u00e0 d\u2019autres fins sur un quelconque support, est interdite sans l\u2019autorisation expresse et pr\u00e9alable de C\u00e9dric OBEJERO.<\/p>\n<p>Les informations et donn\u00e9es contenues dans ce site sont des informations et donn\u00e9es \u00e0 caract\u00e8re g\u00e9n\u00e9ral et n\u2019ont pas de valeur contractuelle.<\/p>\n<p>Les pr\u00e9sentes conditions g\u00e9n\u00e9rales ainsi que les informations et donn\u00e9es contenues dans ce site sont sujettes \u00e0 modification sans pr\u00e9avis. Par ailleurs, les caract\u00e9ristiques et la disponibilit\u00e9 des produits et services mentionn\u00e9s dans ce site internet sont valables uniquement pour la France m\u00e9tropolitaine.<\/p>\n<p>Les liens hypertextes mis en \u0153uvre au sein de ce site en direction d\u2019autres sites et d\u2019une mani\u00e8re g\u00e9n\u00e9rale vers toutes ressources existantes sur Internet ne sauraient engager la responsabilit\u00e9 de C\u00e9dric OBEJERO.<\/p>\n<p>La mise en \u0153uvre d\u2019un lien hypertexte vers le pr\u00e9sent site\u00a0ne pourra se faire que sous r\u00e9serve de l\u2019autorisation expresse et pr\u00e9alable de C\u00e9dric OBEJERO.<\/p>\n<p><b>Informatique et libert\u00e9s<\/b><\/p>\n<p>Vous \u00eates inform\u00e9(e) que les informations que vous communiquez notamment du fait des formulaires qui sont pr\u00e9sents sur ce site permettent de r\u00e9pondre \u00e0 vos demandes et sont uniquement destin\u00e9es \u00e0 C\u00e9dric OBEJERO, en tant que responsable du traitement, \u00e0 des fins de gestion administrative et commerciale.<\/p>\n<p>Vous disposez, conform\u00e9ment \u00e0 la loi fran\u00e7aise n\u00b0 78-17 du 6 janvier 1978 modifi\u00e9e relative \u00e0 l\u2019informatique, aux fichiers et aux libert\u00e9s, d\u2019un droit d\u2019acc\u00e8s, de rectification, de modification et de suppression des donn\u00e9es qui vous concernent.<\/p>\n<p>Vous pouvez exercer vos droits d\u2019acc\u00e8s, de rectification, de modification et de suppression en nous contactant par courrier \u00e0 l\u2019adresse suivante : contact@tanooki.org.<\/p>\n<p><b>Propri\u00e9t\u00e9 intellectuelle<\/b><\/p>\n<p>C\u00e9dric OBEJERO informe les utilisateurs de ce site que la plupart des informations et donn\u00e9es qui y figurent sont prot\u00e9g\u00e9es par les dispositions l\u00e9gales relatives aux droits de propri\u00e9t\u00e9 intellectuelle. \u00c0 ce titre, C\u00e9dric OBEJERO informe notamment les utilisateurs que la marque TANOOKI et toutes les marques commerciales cit\u00e9es dans ce site sont des marques d\u00e9pos\u00e9es et que les photographies figurant sur ce site sont prot\u00e9g\u00e9es par le droit d\u2019auteur.<\/p>\n<p>Les informations et donn\u00e9es ainsi prot\u00e9g\u00e9es figurant sur ce site sont la propri\u00e9t\u00e9 de C\u00e9dric OBEJERO ou de tiers ayant autoris\u00e9 \u00e0 les exploiter. Toute repr\u00e9sentation, reproduction, utilisation, adaptation ou modification en tout ou partie ainsi que toute exploitation m\u00eame partielle de ces informations et donn\u00e9es est prohib\u00e9e sans l\u2019autorisation expresse et pr\u00e9alable de C\u00e9dric OBEJERO. Le non-respect de cette interdiction pourra engager la responsabilit\u00e9 civile et p\u00e9nale de l\u2019utilisateur de ce site notamment au titre des dispositions de l\u2019article L335-2 du Code de la Propri\u00e9t\u00e9 Intellectuelle relatives \u00e0 la contrefa\u00e7on punie de trois ans d\u2019emprisonnement et de 300 000 euros d\u2019amende.<\/p>\n<p><b>Limitation de responsabilit\u00e9<\/b><\/p>\n<p>Vous utilisez le pr\u00e9sent site sous votre seule et enti\u00e8re responsabilit\u00e9. C\u00e9dric OBEJERO ne pourra pas \u00eatre tenue pour responsable de tout dommage direct ou indirect tel que notamment pr\u00e9judice mat\u00e9riel, pertes de donn\u00e9es ou de programme, pr\u00e9judice financier r\u00e9sultant de l\u2019acc\u00e8s et de l\u2019utilisation de ce site par l\u2019utilisateur ou de sites qui lui sont li\u00e9s.<\/p>\n<p><b>Informations \u00e9diteur<\/b><\/p>\n<p><strong>TANOOKI\u00a0<\/strong><br \/>\n3 route de Laill\u00e9 &#8211; 35131 PONT-PEAN<br \/>\nS.A.S.U. au capital de 1 500 EUR<br \/>\nRCS Rennes 845 091 255<br \/>\nT\u00e9l\u00e9phone : + 33 6 78 68 71 29<\/p>\n<p><b>Responsable de la Publication &amp; R\u00e9daction<\/b><br \/>\nC\u00e9dric OBEJERO<\/p>\n<p><b>H\u00e9bergeur<\/b><\/p>\n<p><strong>OVH<\/strong><br \/>\nSAS au capital de 10 069 020 \u20ac<br \/>\nRCS Lille M\u00e9tropole 424 761 419 00045<br \/>\nCode APE 2620Z<br \/>\nN\u00b0 TVA : FR 22 424 761 419<br \/>\nSi\u00e8ge social : 2 rue Kellermann \u2013 59100 Roubaix \u2013 France<\/p>\n","protected":false},"excerpt":{"rendered":"<p>Informations L\u00e9gales Conditions g\u00e9n\u00e9rales d\u2019acc\u00e8s et d\u2019utilisation du site L\u2019utilisation de ce site est r\u00e9serv\u00e9e \u00e0 un usage strictement personnel de l\u2019utilisateur. Toute reproduction ou repr\u00e9sentation de ce site, en [&hellip;]<\/p>\n","protected":false},"author":1,"featured_media":0,"parent":0,"menu_order":0,"comment_status":"closed","ping_status":"closed","template":"","meta":{"ocean_post_layout":"","ocean_both_sidebars_style":"","ocean_both_sidebars_content_width":0,"ocean_both_sidebars_sidebars_width":0,"ocean_sidebar":"0","ocean_second_sidebar":"0","ocean_disable_margins":"enable","ocean_add_body_class":"","ocean_shortcode_before_top_bar":"","ocean_shortcode_after_top_bar":"","ocean_shortcode_before_header":"","ocean_shortcode_after_header":"","ocean_has_shortcode":"","ocean_shortcode_after_title":"","ocean_shortcode_before_footer_widgets":"","ocean_shortcode_after_footer_widgets":"","ocean_shortcode_before_footer_bottom":"","ocean_shortcode_after_footer_bottom":"","ocean_display_top_bar":"default","ocean_display_header":"default","ocean_header_style":"","ocean_center_header_left_menu":"0","ocean_custom_header_template":"0","ocean_custom_logo":0,"ocean_custom_retina_logo":0,"ocean_custom_logo_max_width":0,"ocean_custom_logo_tablet_max_width":0,"ocean_custom_logo_mobile_max_width":0,"ocean_custom_logo_max_height":0,"ocean_custom_logo_tablet_max_height":0,"ocean_custom_logo_mobile_max_height":0,"ocean_header_custom_menu":"0","ocean_menu_typo_font_family":"0","ocean_menu_typo_font_subset":"","ocean_menu_typo_font_size":0,"ocean_menu_typo_font_size_tablet":0,"ocean_menu_typo_font_size_mobile":0,"ocean_menu_typo_font_size_unit":"px","ocean_menu_typo_font_weight":"","ocean_menu_typo_font_weight_tablet":"","ocean_menu_typo_font_weight_mobile":"","ocean_menu_typo_transform":"","ocean_menu_typo_transform_tablet":"","ocean_menu_typo_transform_mobile":"","ocean_menu_typo_line_height":0,"ocean_menu_typo_line_height_tablet":0,"ocean_menu_typo_line_height_mobile":0,"ocean_menu_typo_line_height_unit":"","ocean_menu_typo_spacing":0,"ocean_menu_typo_spacing_tablet":0,"ocean_menu_typo_spacing_mobile":0,"ocean_menu_typo_spacing_unit":"","ocean_menu_link_color":"","ocean_menu_link_color_hover":"","ocean_menu_link_color_active":"","ocean_menu_link_background":"","ocean_menu_link_hover_background":"","ocean_menu_link_active_background":"","ocean_menu_social_links_bg":"","ocean_menu_social_hover_links_bg":"","ocean_menu_social_links_color":"","ocean_menu_social_hover_links_color":"","ocean_disable_title":"default","ocean_disable_heading":"default","ocean_post_title":"","ocean_post_subheading":"","ocean_post_title_style":"","ocean_post_title_background_color":"","ocean_post_title_background":0,"ocean_post_title_bg_image_position":"","ocean_post_title_bg_image_attachment":"","ocean_post_title_bg_image_repeat":"","ocean_post_title_bg_image_size":"","ocean_post_title_height":0,"ocean_post_title_bg_overlay":0.5,"ocean_post_title_bg_overlay_color":"","ocean_disable_breadcrumbs":"default","ocean_breadcrumbs_color":"","ocean_breadcrumbs_separator_color":"","ocean_breadcrumbs_links_color":"","ocean_breadcrumbs_links_hover_color":"","ocean_display_footer_widgets":"default","ocean_display_footer_bottom":"default","ocean_custom_footer_template":"0","omw_enable_modal_window":"enable","footnotes":""},"class_list":["post-113","page","type-page","status-publish","hentry","entry"],"yoast_head":"<!-- This site is optimized with the Yoast SEO plugin v27.1.1 - https:\/\/yoast.com\/product\/yoast-seo-wordpress\/ -->\n<title>Informations l\u00e9gales - Tanooki<\/title>\n<meta name=\"description\" content=\"Tanooki - Coach de l&#039;Humain digital - Accompagner les hommes et les organisations dans la r\u00e9volution digital parce que l&#039;outil ne fait pas l&#039;artisan\" \/>\n<meta name=\"robots\" content=\"index, follow, max-snippet:-1, max-image-preview:large, max-video-preview:-1\" \/>\n<link rel=\"canonical\" href=\"https:\/\/www.tanooki.fr\/index.php\/legales\/\" \/>\n<meta property=\"og:locale\" content=\"fr_FR\" \/>\n<meta property=\"og:type\" content=\"article\" \/>\n<meta property=\"og:title\" content=\"Informations l\u00e9gales - Tanooki\" \/>\n<meta property=\"og:description\" content=\"Tanooki - Coach de l&#039;Humain digital - Accompagner les hommes et les organisations dans la r\u00e9volution digital parce que l&#039;outil ne fait pas l&#039;artisan\" \/>\n<meta property=\"og:url\" content=\"https:\/\/www.tanooki.fr\/index.php\/legales\/\" \/>\n<meta property=\"og:site_name\" content=\"Tanooki\" \/>\n<meta property=\"article:modified_time\" content=\"2019-02-01T10:22:15+00:00\" \/>\n<meta name=\"twitter:card\" content=\"summary_large_image\" \/>\n<meta name=\"twitter:label1\" content=\"Dur\u00e9e de lecture estim\u00e9e\" \/>\n\t<meta name=\"twitter:data1\" content=\"3 minutes\" \/>\n<script type=\"application\/ld+json\" class=\"yoast-schema-graph\">{\"@context\":\"https:\/\/schema.org\",\"@graph\":[{\"@type\":\"WebPage\",\"@id\":\"https:\/\/www.tanooki.fr\/index.php\/legales\/\",\"url\":\"https:\/\/www.tanooki.fr\/index.php\/legales\/\",\"name\":\"Informations l\u00e9gales - Tanooki\",\"isPartOf\":{\"@id\":\"https:\/\/www.tanooki.fr\/#website\"},\"datePublished\":\"2017-12-06T18:01:54+00:00\",\"dateModified\":\"2019-02-01T10:22:15+00:00\",\"description\":\"Tanooki - Coach de l'Humain digital - Accompagner les hommes et les organisations dans la r\u00e9volution digital parce que l'outil ne fait pas l'artisan\",\"breadcrumb\":{\"@id\":\"https:\/\/www.tanooki.fr\/index.php\/legales\/#breadcrumb\"},\"inLanguage\":\"fr-FR\",\"potentialAction\":[{\"@type\":\"ReadAction\",\"target\":[\"https:\/\/www.tanooki.fr\/index.php\/legales\/\"]}]},{\"@type\":\"BreadcrumbList\",\"@id\":\"https:\/\/www.tanooki.fr\/index.php\/legales\/#breadcrumb\",\"itemListElement\":[{\"@type\":\"ListItem\",\"position\":1,\"name\":\"Accueil\",\"item\":\"https:\/\/www.tanooki.fr\/\"},{\"@type\":\"ListItem\",\"position\":2,\"name\":\"Informations l\u00e9gales\"}]},{\"@type\":\"WebSite\",\"@id\":\"https:\/\/www.tanooki.fr\/#website\",\"url\":\"https:\/\/www.tanooki.fr\/\",\"name\":\"Tanooki\",\"description\":\"Le coaching pour tous\",\"publisher\":{\"@id\":\"https:\/\/www.tanooki.fr\/#organization\"},\"potentialAction\":[{\"@type\":\"SearchAction\",\"target\":{\"@type\":\"EntryPoint\",\"urlTemplate\":\"https:\/\/www.tanooki.fr\/?s={search_term_string}\"},\"query-input\":{\"@type\":\"PropertyValueSpecification\",\"valueRequired\":true,\"valueName\":\"search_term_string\"}}],\"inLanguage\":\"fr-FR\"},{\"@type\":\"Organization\",\"@id\":\"https:\/\/www.tanooki.fr\/#organization\",\"name\":\"Tanooki\",\"url\":\"https:\/\/www.tanooki.fr\/\",\"logo\":{\"@type\":\"ImageObject\",\"inLanguage\":\"fr-FR\",\"@id\":\"https:\/\/www.tanooki.fr\/#\/schema\/logo\/image\/\",\"url\":\"https:\/\/www.tanooki.fr\/wp-content\/uploads\/2018\/08\/logo-tanooki-sticky-large.jpg\",\"contentUrl\":\"https:\/\/www.tanooki.fr\/wp-content\/uploads\/2018\/08\/logo-tanooki-sticky-large.jpg\",\"width\":2467,\"height\":631,\"caption\":\"Tanooki\"},\"image\":{\"@id\":\"https:\/\/www.tanooki.fr\/#\/schema\/logo\/image\/\"},\"sameAs\":[\"https:\/\/www.linkedin.com\/in\/c\u00e9dric-obejero\/\",\"https:\/\/www.youtube.com\/channel\/UCdXoGWt6Tuapks_-PsmcCPw\"]}]}<\/script>\n<!-- \/ Yoast SEO plugin. -->","yoast_head_json":{"title":"Informations l\u00e9gales - Tanooki","description":"Tanooki - Coach de l'Humain digital - Accompagner les hommes et les organisations dans la r\u00e9volution digital parce que l'outil ne fait pas l'artisan","robots":{"index":"index","follow":"follow","max-snippet":"max-snippet:-1","max-image-preview":"max-image-preview:large","max-video-preview":"max-video-preview:-1"},"canonical":"https:\/\/www.tanooki.fr\/index.php\/legales\/","og_locale":"fr_FR","og_type":"article","og_title":"Informations l\u00e9gales - Tanooki","og_description":"Tanooki - Coach de l'Humain digital - Accompagner les hommes et les organisations dans la r\u00e9volution digital parce que l'outil ne fait pas l'artisan","og_url":"https:\/\/www.tanooki.fr\/index.php\/legales\/","og_site_name":"Tanooki","article_modified_time":"2019-02-01T10:22:15+00:00","twitter_card":"summary_large_image","twitter_misc":{"Dur\u00e9e de lecture estim\u00e9e":"3 minutes"},"schema":{"@context":"https:\/\/schema.org","@graph":[{"@type":"WebPage","@id":"https:\/\/www.tanooki.fr\/index.php\/legales\/","url":"https:\/\/www.tanooki.fr\/index.php\/legales\/","name":"Informations l\u00e9gales - Tanooki","isPartOf":{"@id":"https:\/\/www.tanooki.fr\/#website"},"datePublished":"2017-12-06T18:01:54+00:00","dateModified":"2019-02-01T10:22:15+00:00","description":"Tanooki - Coach de l'Humain digital - Accompagner les hommes et les organisations dans la r\u00e9volution digital parce que l'outil ne fait pas l'artisan","breadcrumb":{"@id":"https:\/\/www.tanooki.fr\/index.php\/legales\/#breadcrumb"},"inLanguage":"fr-FR","potentialAction":[{"@type":"ReadAction","target":["https:\/\/www.tanooki.fr\/index.php\/legales\/"]}]},{"@type":"BreadcrumbList","@id":"https:\/\/www.tanooki.fr\/index.php\/legales\/#breadcrumb","itemListElement":[{"@type":"ListItem","position":1,"name":"Accueil","item":"https:\/\/www.tanooki.fr\/"},{"@type":"ListItem","position":2,"name":"Informations l\u00e9gales"}]},{"@type":"WebSite","@id":"https:\/\/www.tanooki.fr\/#website","url":"https:\/\/www.tanooki.fr\/","name":"Tanooki","description":"Le coaching pour tous","publisher":{"@id":"https:\/\/www.tanooki.fr\/#organization"},"potentialAction":[{"@type":"SearchAction","target":{"@type":"EntryPoint","urlTemplate":"https:\/\/www.tanooki.fr\/?s={search_term_string}"},"query-input":{"@type":"PropertyValueSpecification","valueRequired":true,"valueName":"search_term_string"}}],"inLanguage":"fr-FR"},{"@type":"Organization","@id":"https:\/\/www.tanooki.fr\/#organization","name":"Tanooki","url":"https:\/\/www.tanooki.fr\/","logo":{"@type":"ImageObject","inLanguage":"fr-FR","@id":"https:\/\/www.tanooki.fr\/#\/schema\/logo\/image\/","url":"https:\/\/www.tanooki.fr\/wp-content\/uploads\/2018\/08\/logo-tanooki-sticky-large.jpg","contentUrl":"https:\/\/www.tanooki.fr\/wp-content\/uploads\/2018\/08\/logo-tanooki-sticky-large.jpg","width":2467,"height":631,"caption":"Tanooki"},"image":{"@id":"https:\/\/www.tanooki.fr\/#\/schema\/logo\/image\/"},"sameAs":["https:\/\/www.linkedin.com\/in\/c\u00e9dric-obejero\/","https:\/\/www.youtube.com\/channel\/UCdXoGWt6Tuapks_-PsmcCPw"]}]}},"_links":{"self":[{"href":"https:\/\/www.tanooki.fr\/index.php\/wp-json\/wp\/v2\/pages\/113","targetHints":{"allow":["GET"]}}],"collection":[{"href":"https:\/\/www.tanooki.fr\/index.php\/wp-json\/wp\/v2\/pages"}],"about":[{"href":"https:\/\/www.tanooki.fr\/index.php\/wp-json\/wp\/v2\/types\/page"}],"author":[{"embeddable":true,"href":"https:\/\/www.tanooki.fr\/index.php\/wp-json\/wp\/v2\/users\/1"}],"replies":[{"embeddable":true,"href":"https:\/\/www.tanooki.fr\/index.php\/wp-json\/wp\/v2\/comments?post=113"}],"version-history":[{"count":9,"href":"https:\/\/www.tanooki.fr\/index.php\/wp-json\/wp\/v2\/pages\/113\/revisions"}],"predecessor-version":[{"id":4173,"href":"https:\/\/www.tanooki.fr\/index.php\/wp-json\/wp\/v2\/pages\/113\/revisions\/4173"}],"wp:attachment":[{"href":"https:\/\/www.tanooki.fr\/index.php\/wp-json\/wp\/v2\/media?parent=113"}],"curies":[{"name":"wp","href":"https:\/\/api.w.org\/{rel}","templated":true}]}}